{"id":74,"date":"2021-09-20T09:21:12","date_gmt":"2021-09-20T07:21:12","guid":{"rendered":"https:\/\/swisseye.netfellows.de\/?page_id=74"},"modified":"2026-02-25T13:27:07","modified_gmt":"2026-02-25T12:27:07","slug":"haendlersuche","status":"publish","type":"page","link":"https:\/\/swisseye.com\/en\/haendlersuche\/","title":{"rendered":"H\u00e4ndlersuche"},"content":{"rendered":"\t\t<div data-elementor-type=\"wp-page\" data-elementor-id=\"74\" class=\"elementor elementor-74\" data-elementor-post-type=\"page\">\n\t\t\t\t\t\t<section class=\"elementor-section elementor-top-section elementor-element elementor-element-9196b86 elementor-section-full_width elementor-section-height-default elementor-section-height-default\" data-id=\"9196b86\" data-element_type=\"section\" data-e-type=\"section\" data-settings=\"{&quot;jet_parallax_layout_list&quot;:[{&quot;jet_parallax_layout_image&quot;:{&quot;url&quot;:&quot;&quot;,&quot;id&quot;:&quot;&quot;,&quot;size&quot;:&quot;&quot;},&quot;_id&quot;:&quot;90779c5&quot;,&quot;jet_parallax_layout_image_tablet&quot;:{&quot;url&quot;:&quot;&quot;,&quot;id&quot;:&quot;&quot;,&quot;size&quot;:&quot;&quot;},&quot;jet_parallax_layout_image_mobile&quot;:{&quot;url&quot;:&quot;&quot;,&quot;id&quot;:&quot;&quot;,&quot;size&quot;:&quot;&quot;},&quot;jet_parallax_layout_speed&quot;:{&quot;unit&quot;:&quot;%&quot;,&quot;size&quot;:50,&quot;sizes&quot;:[]},&quot;jet_parallax_layout_type&quot;:&quot;scroll&quot;,&quot;jet_parallax_layout_direction&quot;:&quot;1&quot;,&quot;jet_parallax_layout_fx_direction&quot;:null,&quot;jet_parallax_layout_z_index&quot;:&quot;&quot;,&quot;jet_parallax_layout_bg_x&quot;:50,&quot;jet_parallax_layout_bg_x_tablet&quot;:&quot;&quot;,&quot;jet_parallax_layout_bg_x_mobile&quot;:&quot;&quot;,&quot;jet_parallax_layout_bg_y&quot;:50,&quot;jet_parallax_layout_bg_y_tablet&quot;:&quot;&quot;,&quot;jet_parallax_layout_bg_y_mobile&quot;:&quot;&quot;,&quot;jet_parallax_layout_bg_size&quot;:&quot;auto&quot;,&quot;jet_parallax_layout_bg_size_tablet&quot;:&quot;&quot;,&quot;jet_parallax_layout_bg_size_mobile&quot;:&quot;&quot;,&quot;jet_parallax_layout_animation_prop&quot;:&quot;transform&quot;,&quot;jet_parallax_layout_on&quot;:[&quot;desktop&quot;,&quot;tablet&quot;]}],&quot;background_background&quot;:&quot;gradient&quot;}\">\n\t\t\t\t\t\t<div class=\"elementor-container elementor-column-gap-no\">\n\t\t\t\t\t<div class=\"elementor-column elementor-col-100 elementor-top-column elementor-element elementor-element-a20661c\" data-id=\"a20661c\" data-element_type=\"column\" data-e-type=\"column\">\n\t\t\t<div class=\"elementor-widget-wrap elementor-element-populated\">\n\t\t\t\t\t\t<div class=\"elementor-element elementor-element-4601d4e elementor-widget elementor-widget-heading\" data-id=\"4601d4e\" data-element_type=\"widget\" data-e-type=\"widget\" data-widget_type=\"heading.default\">\n\t\t\t\t<div class=\"elementor-widget-container\">\n\t\t\t\t\t<h1 class=\"elementor-heading-title elementor-size-default\">H\u00e4ndlersuche<\/h1>\t\t\t\t<\/div>\n\t\t\t\t<\/div>\n\t\t\t\t<div class=\"elementor-element elementor-element-2e4c359 elementor-widget elementor-widget-breadcrumbs\" data-id=\"2e4c359\" data-element_type=\"widget\" data-e-type=\"widget\" data-widget_type=\"breadcrumbs.default\">\n\t\t\t\t<div class=\"elementor-widget-container\">\n\t\t\t\t\t<p id=\"breadcrumbs\"><span><span><a href=\"https:\/\/swisseye.com\/de\/\">Start<\/a><\/span><\/span><\/p>\t\t\t\t<\/div>\n\t\t\t\t<\/div>\n\t\t\t\t\t<\/div>\n\t\t<\/div>\n\t\t\t\t\t<\/div>\n\t\t<\/section>\n\t\t\t\t<section class=\"elementor-section elementor-top-section elementor-element elementor-element-5e418ee elementor-section-full_width elementor-hidden-desktop elementor-hidden-tablet elementor-hidden-mobile elementor-section-height-default elementor-section-height-default\" data-id=\"5e418ee\" data-element_type=\"section\" data-e-type=\"section\" data-settings=\"{&quot;jet_parallax_layout_list&quot;:[{&quot;jet_parallax_layout_image&quot;:{&quot;url&quot;:&quot;&quot;,&quot;id&quot;:&quot;&quot;,&quot;size&quot;:&quot;&quot;},&quot;_id&quot;:&quot;1f445c5&quot;,&quot;jet_parallax_layout_image_tablet&quot;:{&quot;url&quot;:&quot;&quot;,&quot;id&quot;:&quot;&quot;,&quot;size&quot;:&quot;&quot;},&quot;jet_parallax_layout_image_mobile&quot;:{&quot;url&quot;:&quot;&quot;,&quot;id&quot;:&quot;&quot;,&quot;size&quot;:&quot;&quot;},&quot;jet_parallax_layout_speed&quot;:{&quot;unit&quot;:&quot;%&quot;,&quot;size&quot;:50,&quot;sizes&quot;:[]},&quot;jet_parallax_layout_type&quot;:&quot;scroll&quot;,&quot;jet_parallax_layout_direction&quot;:&quot;1&quot;,&quot;jet_parallax_layout_fx_direction&quot;:null,&quot;jet_parallax_layout_z_index&quot;:&quot;&quot;,&quot;jet_parallax_layout_bg_x&quot;:50,&quot;jet_parallax_layout_bg_x_tablet&quot;:&quot;&quot;,&quot;jet_parallax_layout_bg_x_mobile&quot;:&quot;&quot;,&quot;jet_parallax_layout_bg_y&quot;:50,&quot;jet_parallax_layout_bg_y_tablet&quot;:&quot;&quot;,&quot;jet_parallax_layout_bg_y_mobile&quot;:&quot;&quot;,&quot;jet_parallax_layout_bg_size&quot;:&quot;auto&quot;,&quot;jet_parallax_layout_bg_size_tablet&quot;:&quot;&quot;,&quot;jet_parallax_layout_bg_size_mobile&quot;:&quot;&quot;,&quot;jet_parallax_layout_animation_prop&quot;:&quot;transform&quot;,&quot;jet_parallax_layout_on&quot;:[&quot;desktop&quot;,&quot;tablet&quot;]}]}\">\n\t\t\t\t\t\t<div class=\"elementor-container elementor-column-gap-default\">\n\t\t\t\t\t<div class=\"elementor-column elementor-col-100 elementor-top-column elementor-element elementor-element-67e167b\" data-id=\"67e167b\" data-element_type=\"column\" data-e-type=\"column\">\n\t\t\t<div class=\"elementor-widget-wrap elementor-element-populated\">\n\t\t\t\t\t\t<div class=\"elementor-element elementor-element-b369dd1 elementor-widget elementor-widget-menu-anchor\" data-id=\"b369dd1\" data-element_type=\"widget\" data-e-type=\"widget\" data-widget_type=\"menu-anchor.default\">\n\t\t\t\t<div class=\"elementor-widget-container\">\n\t\t\t\t\t\t\t<div class=\"elementor-menu-anchor\" id=\"top\"><\/div>\n\t\t\t\t\t\t<\/div>\n\t\t\t\t<\/div>\n\t\t\t\t\t<\/div>\n\t\t<\/div>\n\t\t\t\t\t<\/div>\n\t\t<\/section>\n\t\t\t\t<section class=\"elementor-section elementor-top-section elementor-element elementor-element-0f56f09 elementor-section-full_width elementor-section-height-default elementor-section-height-default\" data-id=\"0f56f09\" data-element_type=\"section\" data-e-type=\"section\" data-settings=\"{&quot;jet_parallax_layout_list&quot;:[]}\">\n\t\t\t\t\t\t<div class=\"elementor-container elementor-column-gap-default\">\n\t\t\t\t\t<div class=\"elementor-column elementor-col-100 elementor-top-column elementor-element elementor-element-1edb2cd\" data-id=\"1edb2cd\" data-element_type=\"column\" data-e-type=\"column\">\n\t\t\t<div class=\"elementor-widget-wrap elementor-element-populated\">\n\t\t\t\t\t\t<div class=\"elementor-element elementor-element-95a2d50 elementor-widget elementor-widget-text-editor\" data-id=\"95a2d50\" data-element_type=\"widget\" data-e-type=\"widget\" data-widget_type=\"text-editor.default\">\n\t\t\t\t<div class=\"elementor-widget-container\">\n\t\t\t\t\t\t\t\t\t<p>Finden Sie anhand Ihrer PLZ die Fachh\u00e4ndler in Ihrer\u00a0N\u00e4he.<br \/>Geben Sie bitte Ihre PLZ oder Ihren Standort ein, w\u00e4hlen Sie einen Umkreis und klicken Sie anschlie\u00dfend auf \u201eSUCHEN\u201c.<\/p><p>Vielen\u00a0Dank.<\/p>\t\t\t\t\t\t\t\t<\/div>\n\t\t\t\t<\/div>\n\t\t\t\t\t<\/div>\n\t\t<\/div>\n\t\t\t\t\t<\/div>\n\t\t<\/section>\n\t\t\t\t<section class=\"elementor-section elementor-top-section elementor-element elementor-element-5199cf5 elementor-section-full_width elementor-section-height-default elementor-section-height-default\" data-id=\"5199cf5\" data-element_type=\"section\" data-e-type=\"section\" id=\"hinweis-zeigen\" data-settings=\"{&quot;jet_parallax_layout_list&quot;:[]}\">\n\t\t\t\t\t\t<div class=\"elementor-container elementor-column-gap-default\">\n\t\t\t\t\t<div class=\"elementor-column elementor-col-100 elementor-top-column elementor-element elementor-element-6f3de20\" data-id=\"6f3de20\" data-element_type=\"column\" data-e-type=\"column\">\n\t\t\t<div class=\"elementor-widget-wrap elementor-element-populated\">\n\t\t\t\t\t\t<div class=\"elementor-element elementor-element-dc57e5c elementor-widget elementor-widget-text-editor\" data-id=\"dc57e5c\" data-element_type=\"widget\" data-e-type=\"widget\" data-widget_type=\"text-editor.default\">\n\t\t\t\t<div class=\"elementor-widget-container\">\n\t\t\t\t\t\t\t\t\t<p><strong>H\u00e4ndlersuche mit Google Map laden<\/strong><\/p><p>Wenn Sie die Google Map Karte auf dieser Seite sehen m\u00f6chten ben\u00f6tigen wir Ihre Einwilligung nach Art. 6 Abs. 1 lit. a DSGVO und \u00a7 25 Abs. 1 TTDSG welche Sie und per Klick auf &#8220;Ja, Daten weitergeben und Karte auf dieser Seite laden.&#8221; erteilen k\u00f6nnen. Es werden dann zudem personenbezogene Daten an den Betreiber der Map, die Google Ireland Limited, Gordon House, Barrow Street, Dublin 4, Irland, Mutterunternehmen: Google LLC, 1600 Amphitheatre Parkway, Mountain View, CA 94043, USA; gesendet und Cookies durch den Betreiber gesetzt. Daher ist es m\u00f6glich, dass der Anbieter Ihre Zugriffe speichert und Ihr Verhalten analysieren kann.<br \/>Die Datenschutzerkl\u00e4rung von Google Maps finden Sie unter:\u00a0<a href=\"https:\/\/policies.google.com\/privacy\" target=\"_blank\" rel=\"noopener\">https:\/\/policies.google.com\/privacy<\/a><br \/>Hinweis auf Verarbeitung Ihrer auf dieser Webseite erhobenen Daten in den USA durch Google: Indem Sie auf &#8220;Ja, Daten weitergeben und Karte auf dieser Seite laden.&#8221; klicken, willigen Sie zugleich gem. Art. 49 Abs. 1 S. 1 lit. a DSGVO ein, dass Ihre Daten in den USA verarbeitet werden. Die USA werden vom Europ\u00e4ischen Gerichtshof als ein Land mit einem nach EU-Standards unzureichendem Datenschutzniveau eingesch\u00e4tzt. Es besteht insbesondere das Risiko, dass Ihre Daten durch US-Beh\u00f6rden, zu Kontroll- und zu \u00dcberwachungszwecken, m\u00f6glicherweise auch ohne Rechtsbehelfsm\u00f6glichkeiten, verarbeitet werden k\u00f6nnen.<\/p>\t\t\t\t\t\t\t\t<\/div>\n\t\t\t\t<\/div>\n\t\t\t\t<div class=\"elementor-element elementor-element-a0f5325 elementor-widget elementor-widget-html\" data-id=\"a0f5325\" data-element_type=\"widget\" data-e-type=\"widget\" data-widget_type=\"html.default\">\n\t\t\t\t<div class=\"elementor-widget-container\">\n\t\t\t\t\t<button onclick=\"showGoogleMaps()\">Ja, Daten weitergeben und H\u00e4ndlersuche inkl. Karte auf dieser Seite laden.<\/button>\r\n\r\n<style>\r\n    #sechide {\r\n        display:none;\r\n    }\r\n    .secshow {\r\n        display:block !important;\r\n    }\r\n\t#hinweis-zeigen {\r\n        display:block !importantt;\r\n    }\r\n    .hinweis-verstecken {\r\n        display:none;\r\n    }\r\n<\/style>\t\t\t\t<\/div>\n\t\t\t\t<\/div>\n\t\t\t\t\t<\/div>\n\t\t<\/div>\n\t\t\t\t\t<\/div>\n\t\t<\/section>\n\t\t\t\t<section class=\"elementor-section elementor-top-section elementor-element elementor-element-cac8a4e elementor-section-full_width elementor-section-height-default elementor-section-height-default\" data-id=\"cac8a4e\" data-element_type=\"section\" data-e-type=\"section\" id=\"sechide\" data-settings=\"{&quot;jet_parallax_layout_list&quot;:[]}\">\n\t\t\t\t\t\t<div class=\"elementor-container elementor-column-gap-default\">\n\t\t\t\t\t<div class=\"elementor-column elementor-col-100 elementor-top-column elementor-element elementor-element-bbc11fc\" data-id=\"bbc11fc\" data-element_type=\"column\" data-e-type=\"column\" id=\"spalte-haendlersuche\">\n\t\t\t<div class=\"elementor-widget-wrap elementor-element-populated\">\n\t\t\t\t\t\t<div class=\"elementor-element elementor-element-1b1f1f7 elementor-widget elementor-widget-shortcode\" data-id=\"1b1f1f7\" data-element_type=\"widget\" data-e-type=\"widget\" data-widget_type=\"shortcode.default\">\n\t\t\t\t<div class=\"elementor-widget-container\">\n\t\t\t\t\t\t\t<div class=\"elementor-shortcode\"><style>\r\n\t#wpsl-stores .wpsl-store-thumb {height:45px !important; width:45px !important;}\r\n\t#wpsl-gmap {height:350px !important;}\r\n\t#wpsl-stores, #wpsl-direction-details {height:auto !important;}\t#wpsl-gmap .wpsl-info-window {max-width:225px !important;}\r\n\t.wpsl-input label, #wpsl-radius label, #wpsl-category label {width:95px;}\r\n\t#wpsl-search-input  {width:179px;}\r\n<\/style>\r\n<div id=\"wpsl-wrap\" class=\"wpsl-store-below\">\r\n\t<div class=\"wpsl-search wpsl-clearfix wpsl-filter wpsl-checkboxes-enabled\">\r\n\t\t<div id=\"wpsl-search-wrap\">\r\n\t\t\t<form autocomplete=\"off\">\r\n\t\t\t<div class=\"wpsl-input\">\r\n\t\t\t\t<div><label for=\"wpsl-search-input\">Your location<\/label><\/div>\r\n\t\t\t\t<input id=\"wpsl-search-input\" type=\"text\" value=\"\" name=\"wpsl-search-input\" placeholder=\"\" aria-required=\"true\" \/>\r\n\t\t\t<\/div>\r\n\t\t\t<div class=\"wpsl-select-wrap\">\r\n\t\t\t\t<div id=\"wpsl-radius\">\r\n\t\t\t\t\t<label for=\"wpsl-radius-dropdown\">Search radius<\/label>\r\n\t\t\t\t\t<select id=\"wpsl-radius-dropdown\" class=\"wpsl-dropdown\" name=\"wpsl-radius\">\r\n\t\t\t\t\t\t<option value=\"10\">10 km<\/option><option value=\"25\">25 km<\/option><option selected=\"selected\" value=\"50\">50 km<\/option><option value=\"100\">100 km<\/option><option value=\"200\">200 km<\/option><option value=\"500\">500 km<\/option>\r\n\t\t\t\t\t<\/select>\r\n\t\t\t\t<\/div>\r\n\t\t\t\t<div id=\"wpsl-results\">\r\n\t\t\t\t\t<label for=\"wpsl-results-dropdown\">Results<\/label>\r\n\t\t\t\t\t<select id=\"wpsl-results-dropdown\" class=\"wpsl-dropdown\" name=\"wpsl-results\">\r\n\t\t\t\t\t\t<option selected=\"selected\" value=\"25\">25<\/option><option value=\"50\">50<\/option><option value=\"75\">75<\/option><option value=\"100\">100<\/option>\r\n\t\t\t\t\t<\/select>\r\n\t\t\t\t<\/div>\r\n\t\t\t<\/div>\r\n<ul id=\"wpsl-checkbox-filter\" class=\"wpsl-checkbox-3-columns\"><li><label><input type=\"checkbox\" value=\"976\"  \/>Maximus-H\u00e4ndler\/innen<\/label><\/li><\/ul>\t\t\t\t<div class=\"wpsl-search-btn-wrap\"><input id=\"wpsl-search-btn\" type=\"submit\" value=\"Search\"><\/div>\r\n\t\t<\/form>\r\n\t\t<\/div>\r\n\t<\/div>\r\n\t<div id=\"wpsl-gmap\" class=\"wpsl-gmap-canvas\"><\/div>\r\n\t<div id=\"wpsl-result-list\">\r\n\t\t<div id=\"wpsl-stores\" class=\"wpsl-not-loaded\">\r\n\t\t\t<ul><\/ul>\r\n\t\t<\/div>\r\n\t\t<div id=\"wpsl-direction-details\">\r\n\t\t\t<ul><\/ul>\r\n\t\t<\/div>\r\n\t<\/div>\r\n<\/div>\r\n<\/div>\n\t\t\t\t\t\t<\/div>\n\t\t\t\t<\/div>\n\t\t\t\t\t<\/div>\n\t\t<\/div>\n\t\t\t\t\t<\/div>\n\t\t<\/section>\n\t\t\t\t<\/div>\n\t\t","protected":false},"excerpt":{"rendered":"<p>H\u00e4ndlersuche Finden Sie anhand Ihrer PLZ die Fachh\u00e4ndler in Ihrer\u00a0N\u00e4he.Geben Sie bitte Ihre PLZ oder Ihren Standort ein, w\u00e4hlen Sie einen Umkreis und klicken Sie anschlie\u00dfend auf \u201eSUCHEN\u201c. Vielen\u00a0Dank. H\u00e4ndlersuche mit Google Map laden Wenn Sie die Google Map Karte auf dieser Seite sehen m\u00f6chten ben\u00f6tigen wir Ihre Einwilligung nach Art. 6 Abs. 1 lit. [&hellip;]<\/p>\n","protected":false},"author":1,"featured_media":0,"parent":0,"menu_order":0,"comment_status":"closed","ping_status":"closed","template":"elementor_header_footer","meta":{"_jet_sm_ready_style":"","_jet_sm_style":"","_jet_sm_controls_values":"","_jet_sm_fonts_collection":"","_jet_sm_fonts_links":"","footnotes":""},"class_list":["post-74","page","type-page","status-publish","hentry"],"yoast_head":"<!-- This site is optimized with the Yoast SEO plugin v27.1.1 - https:\/\/yoast.com\/product\/yoast-seo-wordpress\/ -->\n<title>H\u00e4ndlersuche - Swisseye - Your vision - our passion<\/title>\n<meta name=\"robots\" content=\"index, follow, max-snippet:-1, max-image-preview:large, max-video-preview:-1\" \/>\n<link rel=\"canonical\" href=\"https:\/\/swisseye.com\/de\/haendlersuche\/\" \/>\n<meta property=\"og:locale\" content=\"en_US\" \/>\n<meta property=\"og:type\" content=\"article\" \/>\n<meta property=\"og:title\" content=\"H\u00e4ndlersuche - Swisseye - Your vision - our passion\" \/>\n<meta property=\"og:description\" content=\"H\u00e4ndlersuche Finden Sie anhand Ihrer PLZ die Fachh\u00e4ndler in Ihrer\u00a0N\u00e4he.Geben Sie bitte Ihre PLZ oder Ihren Standort ein, w\u00e4hlen Sie einen Umkreis und klicken Sie anschlie\u00dfend auf \u201eSUCHEN\u201c. Vielen\u00a0Dank. H\u00e4ndlersuche mit Google Map laden Wenn Sie die Google Map Karte auf dieser Seite sehen m\u00f6chten ben\u00f6tigen wir Ihre Einwilligung nach Art. 6 Abs. 1 lit. [&hellip;]\" \/>\n<meta property=\"og:url\" content=\"https:\/\/swisseye.com\/de\/haendlersuche\/\" \/>\n<meta property=\"og:site_name\" content=\"Swisseye\" \/>\n<meta property=\"article:publisher\" content=\"https:\/\/de-de.facebook.com\/swisseye\/\" \/>\n<meta property=\"article:modified_time\" content=\"2026-02-25T12:27:07+00:00\" \/>\n<meta name=\"twitter:card\" content=\"summary_large_image\" \/>\n<script type=\"application\/ld+json\" class=\"yoast-schema-graph\">{\"@context\":\"https:\/\/schema.org\",\"@graph\":[{\"@type\":\"WebPage\",\"@id\":\"https:\/\/swisseye.com\/de\/haendlersuche\/\",\"url\":\"https:\/\/swisseye.com\/de\/haendlersuche\/\",\"name\":\"H\u00e4ndlersuche - Swisseye - Your vision - our passion\",\"isPartOf\":{\"@id\":\"https:\/\/swisseye.com\/de\/#website\"},\"datePublished\":\"2021-09-20T07:21:12+00:00\",\"dateModified\":\"2026-02-25T12:27:07+00:00\",\"breadcrumb\":{\"@id\":\"https:\/\/swisseye.com\/de\/haendlersuche\/#breadcrumb\"},\"inLanguage\":\"en-US\",\"potentialAction\":[{\"@type\":\"ReadAction\",\"target\":[\"https:\/\/swisseye.com\/de\/haendlersuche\/\"]}]},{\"@type\":\"BreadcrumbList\",\"@id\":\"https:\/\/swisseye.com\/de\/haendlersuche\/#breadcrumb\",\"itemListElement\":[{\"@type\":\"ListItem\",\"position\":1,\"name\":\"Start\",\"item\":\"https:\/\/swisseye.com\/de\/\"},{\"@type\":\"ListItem\",\"position\":2,\"name\":\"H\u00e4ndlersuche\"}]},{\"@type\":\"WebSite\",\"@id\":\"https:\/\/swisseye.com\/de\/#website\",\"url\":\"https:\/\/swisseye.com\/de\/\",\"name\":\"Swisseye\",\"description\":\"Your vision - our passion\",\"publisher\":{\"@id\":\"https:\/\/swisseye.com\/de\/#organization\"},\"potentialAction\":[{\"@type\":\"SearchAction\",\"target\":{\"@type\":\"EntryPoint\",\"urlTemplate\":\"https:\/\/swisseye.com\/de\/?s={search_term_string}\"},\"query-input\":{\"@type\":\"PropertyValueSpecification\",\"valueRequired\":true,\"valueName\":\"search_term_string\"}}],\"inLanguage\":\"en-US\"},{\"@type\":\"Organization\",\"@id\":\"https:\/\/swisseye.com\/de\/#organization\",\"name\":\"Swisseye\",\"url\":\"https:\/\/swisseye.com\/de\/\",\"logo\":{\"@type\":\"ImageObject\",\"inLanguage\":\"en-US\",\"@id\":\"https:\/\/swisseye.com\/de\/#\/schema\/logo\/image\/\",\"url\":\"https:\/\/swisseye.com\/wp-content\/uploads\/2021\/09\/swisseye-ueber-uns-logo.jpg\",\"contentUrl\":\"https:\/\/swisseye.com\/wp-content\/uploads\/2021\/09\/swisseye-ueber-uns-logo.jpg\",\"width\":1004,\"height\":281,\"caption\":\"Swisseye\"},\"image\":{\"@id\":\"https:\/\/swisseye.com\/de\/#\/schema\/logo\/image\/\"},\"sameAs\":[\"https:\/\/de-de.facebook.com\/swisseye\/\",\"https:\/\/www.instagram.com\/swisseye\/\"]}]}<\/script>\n<!-- \/ Yoast SEO plugin. -->","yoast_head_json":{"title":"H\u00e4ndlersuche - Swisseye - Your vision - our passion","robots":{"index":"index","follow":"follow","max-snippet":"max-snippet:-1","max-image-preview":"max-image-preview:large","max-video-preview":"max-video-preview:-1"},"canonical":"https:\/\/swisseye.com\/de\/haendlersuche\/","og_locale":"en_US","og_type":"article","og_title":"H\u00e4ndlersuche - Swisseye - Your vision - our passion","og_description":"H\u00e4ndlersuche Finden Sie anhand Ihrer PLZ die Fachh\u00e4ndler in Ihrer\u00a0N\u00e4he.Geben Sie bitte Ihre PLZ oder Ihren Standort ein, w\u00e4hlen Sie einen Umkreis und klicken Sie anschlie\u00dfend auf \u201eSUCHEN\u201c. Vielen\u00a0Dank. H\u00e4ndlersuche mit Google Map laden Wenn Sie die Google Map Karte auf dieser Seite sehen m\u00f6chten ben\u00f6tigen wir Ihre Einwilligung nach Art. 6 Abs. 1 lit. [&hellip;]","og_url":"https:\/\/swisseye.com\/de\/haendlersuche\/","og_site_name":"Swisseye","article_publisher":"https:\/\/de-de.facebook.com\/swisseye\/","article_modified_time":"2026-02-25T12:27:07+00:00","twitter_card":"summary_large_image","schema":{"@context":"https:\/\/schema.org","@graph":[{"@type":"WebPage","@id":"https:\/\/swisseye.com\/de\/haendlersuche\/","url":"https:\/\/swisseye.com\/de\/haendlersuche\/","name":"H\u00e4ndlersuche - Swisseye - Your vision - our passion","isPartOf":{"@id":"https:\/\/swisseye.com\/de\/#website"},"datePublished":"2021-09-20T07:21:12+00:00","dateModified":"2026-02-25T12:27:07+00:00","breadcrumb":{"@id":"https:\/\/swisseye.com\/de\/haendlersuche\/#breadcrumb"},"inLanguage":"en-US","potentialAction":[{"@type":"ReadAction","target":["https:\/\/swisseye.com\/de\/haendlersuche\/"]}]},{"@type":"BreadcrumbList","@id":"https:\/\/swisseye.com\/de\/haendlersuche\/#breadcrumb","itemListElement":[{"@type":"ListItem","position":1,"name":"Start","item":"https:\/\/swisseye.com\/de\/"},{"@type":"ListItem","position":2,"name":"H\u00e4ndlersuche"}]},{"@type":"WebSite","@id":"https:\/\/swisseye.com\/de\/#website","url":"https:\/\/swisseye.com\/de\/","name":"Swisseye","description":"Your vision - our passion","publisher":{"@id":"https:\/\/swisseye.com\/de\/#organization"},"potentialAction":[{"@type":"SearchAction","target":{"@type":"EntryPoint","urlTemplate":"https:\/\/swisseye.com\/de\/?s={search_term_string}"},"query-input":{"@type":"PropertyValueSpecification","valueRequired":true,"valueName":"search_term_string"}}],"inLanguage":"en-US"},{"@type":"Organization","@id":"https:\/\/swisseye.com\/de\/#organization","name":"Swisseye","url":"https:\/\/swisseye.com\/de\/","logo":{"@type":"ImageObject","inLanguage":"en-US","@id":"https:\/\/swisseye.com\/de\/#\/schema\/logo\/image\/","url":"https:\/\/swisseye.com\/wp-content\/uploads\/2021\/09\/swisseye-ueber-uns-logo.jpg","contentUrl":"https:\/\/swisseye.com\/wp-content\/uploads\/2021\/09\/swisseye-ueber-uns-logo.jpg","width":1004,"height":281,"caption":"Swisseye"},"image":{"@id":"https:\/\/swisseye.com\/de\/#\/schema\/logo\/image\/"},"sameAs":["https:\/\/de-de.facebook.com\/swisseye\/","https:\/\/www.instagram.com\/swisseye\/"]}]}},"_links":{"self":[{"href":"https:\/\/swisseye.com\/en\/wp-json\/wp\/v2\/pages\/74","targetHints":{"allow":["GET"]}}],"collection":[{"href":"https:\/\/swisseye.com\/en\/wp-json\/wp\/v2\/pages"}],"about":[{"href":"https:\/\/swisseye.com\/en\/wp-json\/wp\/v2\/types\/page"}],"author":[{"embeddable":true,"href":"https:\/\/swisseye.com\/en\/wp-json\/wp\/v2\/users\/1"}],"replies":[{"embeddable":true,"href":"https:\/\/swisseye.com\/en\/wp-json\/wp\/v2\/comments?post=74"}],"version-history":[{"count":0,"href":"https:\/\/swisseye.com\/en\/wp-json\/wp\/v2\/pages\/74\/revisions"}],"wp:attachment":[{"href":"https:\/\/swisseye.com\/en\/wp-json\/wp\/v2\/media?parent=74"}],"curies":[{"name":"wp","href":"https:\/\/api.w.org\/{rel}","templated":true}]}}