{"id":590,"date":"2021-09-21T14:51:12","date_gmt":"2021-09-21T12:51:12","guid":{"rendered":"https:\/\/swisseye.netfellows.de\/?page_id=590"},"modified":"2025-10-08T14:34:00","modified_gmt":"2025-10-08T12:34:00","slug":"ueber-swisseye","status":"publish","type":"page","link":"https:\/\/swisseye.com\/de\/ueber-swisseye\/","title":{"rendered":"\u00dcber Swisseye"},"content":{"rendered":"\t\t<div data-elementor-type=\"wp-page\" data-elementor-id=\"590\" class=\"elementor elementor-590\" data-elementor-post-type=\"page\">\n\t\t\t\t\t\t<section class=\"elementor-section elementor-top-section elementor-element elementor-element-9a4aa5a elementor-section-full_width elementor-section-height-default elementor-section-height-default\" data-id=\"9a4aa5a\" data-element_type=\"section\" data-e-type=\"section\" data-settings=\"{&quot;jet_parallax_layout_list&quot;:[{&quot;jet_parallax_layout_image&quot;:{&quot;url&quot;:&quot;&quot;,&quot;id&quot;:&quot;&quot;,&quot;size&quot;:&quot;&quot;},&quot;_id&quot;:&quot;90779c5&quot;,&quot;jet_parallax_layout_image_tablet&quot;:{&quot;url&quot;:&quot;&quot;,&quot;id&quot;:&quot;&quot;,&quot;size&quot;:&quot;&quot;},&quot;jet_parallax_layout_image_mobile&quot;:{&quot;url&quot;:&quot;&quot;,&quot;id&quot;:&quot;&quot;,&quot;size&quot;:&quot;&quot;},&quot;jet_parallax_layout_speed&quot;:{&quot;unit&quot;:&quot;%&quot;,&quot;size&quot;:50,&quot;sizes&quot;:[]},&quot;jet_parallax_layout_type&quot;:&quot;scroll&quot;,&quot;jet_parallax_layout_direction&quot;:&quot;1&quot;,&quot;jet_parallax_layout_fx_direction&quot;:null,&quot;jet_parallax_layout_z_index&quot;:&quot;&quot;,&quot;jet_parallax_layout_bg_x&quot;:50,&quot;jet_parallax_layout_bg_x_tablet&quot;:&quot;&quot;,&quot;jet_parallax_layout_bg_x_mobile&quot;:&quot;&quot;,&quot;jet_parallax_layout_bg_y&quot;:50,&quot;jet_parallax_layout_bg_y_tablet&quot;:&quot;&quot;,&quot;jet_parallax_layout_bg_y_mobile&quot;:&quot;&quot;,&quot;jet_parallax_layout_bg_size&quot;:&quot;auto&quot;,&quot;jet_parallax_layout_bg_size_tablet&quot;:&quot;&quot;,&quot;jet_parallax_layout_bg_size_mobile&quot;:&quot;&quot;,&quot;jet_parallax_layout_animation_prop&quot;:&quot;transform&quot;,&quot;jet_parallax_layout_on&quot;:[&quot;desktop&quot;,&quot;tablet&quot;]}],&quot;background_background&quot;:&quot;gradient&quot;}\">\n\t\t\t\t\t\t<div class=\"elementor-container elementor-column-gap-no\">\n\t\t\t\t\t<div class=\"elementor-column elementor-col-100 elementor-top-column elementor-element elementor-element-0c95573\" data-id=\"0c95573\" data-element_type=\"column\" data-e-type=\"column\">\n\t\t\t<div class=\"elementor-widget-wrap elementor-element-populated\">\n\t\t\t\t\t\t<div class=\"elementor-element elementor-element-10d9350 elementor-widget elementor-widget-heading\" data-id=\"10d9350\" data-element_type=\"widget\" data-e-type=\"widget\" data-widget_type=\"heading.default\">\n\t\t\t\t<div class=\"elementor-widget-container\">\n\t\t\t\t\t<h1 class=\"elementor-heading-title elementor-size-default\">\u00dcber Swisseye<\/h1>\t\t\t\t<\/div>\n\t\t\t\t<\/div>\n\t\t\t\t<div class=\"elementor-element elementor-element-cd06f3a elementor-widget elementor-widget-breadcrumbs\" data-id=\"cd06f3a\" data-element_type=\"widget\" data-e-type=\"widget\" data-widget_type=\"breadcrumbs.default\">\n\t\t\t\t<div class=\"elementor-widget-container\">\n\t\t\t\t\t<p id=\"breadcrumbs\"><span><span><a href=\"https:\/\/swisseye.com\/de\/\">Start<\/a><\/span><\/span><\/p>\t\t\t\t<\/div>\n\t\t\t\t<\/div>\n\t\t\t\t\t<\/div>\n\t\t<\/div>\n\t\t\t\t\t<\/div>\n\t\t<\/section>\n\t\t\t\t<section class=\"elementor-section elementor-top-section elementor-element elementor-element-2f1905b elementor-section-full_width elementor-hidden-desktop elementor-hidden-tablet elementor-hidden-mobile elementor-section-height-default elementor-section-height-default\" data-id=\"2f1905b\" data-element_type=\"section\" data-e-type=\"section\" data-settings=\"{&quot;jet_parallax_layout_list&quot;:[{&quot;jet_parallax_layout_image&quot;:{&quot;url&quot;:&quot;&quot;,&quot;id&quot;:&quot;&quot;,&quot;size&quot;:&quot;&quot;},&quot;_id&quot;:&quot;1f445c5&quot;,&quot;jet_parallax_layout_image_tablet&quot;:{&quot;url&quot;:&quot;&quot;,&quot;id&quot;:&quot;&quot;,&quot;size&quot;:&quot;&quot;},&quot;jet_parallax_layout_image_mobile&quot;:{&quot;url&quot;:&quot;&quot;,&quot;id&quot;:&quot;&quot;,&quot;size&quot;:&quot;&quot;},&quot;jet_parallax_layout_speed&quot;:{&quot;unit&quot;:&quot;%&quot;,&quot;size&quot;:50,&quot;sizes&quot;:[]},&quot;jet_parallax_layout_type&quot;:&quot;scroll&quot;,&quot;jet_parallax_layout_direction&quot;:&quot;1&quot;,&quot;jet_parallax_layout_fx_direction&quot;:null,&quot;jet_parallax_layout_z_index&quot;:&quot;&quot;,&quot;jet_parallax_layout_bg_x&quot;:50,&quot;jet_parallax_layout_bg_x_tablet&quot;:&quot;&quot;,&quot;jet_parallax_layout_bg_x_mobile&quot;:&quot;&quot;,&quot;jet_parallax_layout_bg_y&quot;:50,&quot;jet_parallax_layout_bg_y_tablet&quot;:&quot;&quot;,&quot;jet_parallax_layout_bg_y_mobile&quot;:&quot;&quot;,&quot;jet_parallax_layout_bg_size&quot;:&quot;auto&quot;,&quot;jet_parallax_layout_bg_size_tablet&quot;:&quot;&quot;,&quot;jet_parallax_layout_bg_size_mobile&quot;:&quot;&quot;,&quot;jet_parallax_layout_animation_prop&quot;:&quot;transform&quot;,&quot;jet_parallax_layout_on&quot;:[&quot;desktop&quot;,&quot;tablet&quot;]}]}\">\n\t\t\t\t\t\t<div class=\"elementor-container elementor-column-gap-default\">\n\t\t\t\t\t<div class=\"elementor-column elementor-col-100 elementor-top-column elementor-element elementor-element-c3ba822\" data-id=\"c3ba822\" data-element_type=\"column\" data-e-type=\"column\">\n\t\t\t<div class=\"elementor-widget-wrap elementor-element-populated\">\n\t\t\t\t\t\t<div class=\"elementor-element elementor-element-7582bf3 elementor-widget elementor-widget-menu-anchor\" data-id=\"7582bf3\" data-element_type=\"widget\" data-e-type=\"widget\" data-widget_type=\"menu-anchor.default\">\n\t\t\t\t<div class=\"elementor-widget-container\">\n\t\t\t\t\t\t\t<div class=\"elementor-menu-anchor\" id=\"top\"><\/div>\n\t\t\t\t\t\t<\/div>\n\t\t\t\t<\/div>\n\t\t\t\t\t<\/div>\n\t\t<\/div>\n\t\t\t\t\t<\/div>\n\t\t<\/section>\n\t\t\t\t<section class=\"elementor-section elementor-top-section elementor-element elementor-element-a10f68a elementor-section-full_width elementor-section-height-default elementor-section-height-default\" data-id=\"a10f68a\" data-element_type=\"section\" data-e-type=\"section\" data-settings=\"{&quot;jet_parallax_layout_list&quot;:[{&quot;jet_parallax_layout_image&quot;:{&quot;url&quot;:&quot;&quot;,&quot;id&quot;:&quot;&quot;,&quot;size&quot;:&quot;&quot;},&quot;_id&quot;:&quot;b299197&quot;,&quot;jet_parallax_layout_image_tablet&quot;:{&quot;url&quot;:&quot;&quot;,&quot;id&quot;:&quot;&quot;,&quot;size&quot;:&quot;&quot;},&quot;jet_parallax_layout_image_mobile&quot;:{&quot;url&quot;:&quot;&quot;,&quot;id&quot;:&quot;&quot;,&quot;size&quot;:&quot;&quot;},&quot;jet_parallax_layout_speed&quot;:{&quot;unit&quot;:&quot;%&quot;,&quot;size&quot;:50,&quot;sizes&quot;:[]},&quot;jet_parallax_layout_type&quot;:&quot;scroll&quot;,&quot;jet_parallax_layout_direction&quot;:&quot;1&quot;,&quot;jet_parallax_layout_fx_direction&quot;:null,&quot;jet_parallax_layout_z_index&quot;:&quot;&quot;,&quot;jet_parallax_layout_bg_x&quot;:50,&quot;jet_parallax_layout_bg_x_tablet&quot;:&quot;&quot;,&quot;jet_parallax_layout_bg_x_mobile&quot;:&quot;&quot;,&quot;jet_parallax_layout_bg_y&quot;:50,&quot;jet_parallax_layout_bg_y_tablet&quot;:&quot;&quot;,&quot;jet_parallax_layout_bg_y_mobile&quot;:&quot;&quot;,&quot;jet_parallax_layout_bg_size&quot;:&quot;auto&quot;,&quot;jet_parallax_layout_bg_size_tablet&quot;:&quot;&quot;,&quot;jet_parallax_layout_bg_size_mobile&quot;:&quot;&quot;,&quot;jet_parallax_layout_animation_prop&quot;:&quot;transform&quot;,&quot;jet_parallax_layout_on&quot;:[&quot;desktop&quot;,&quot;tablet&quot;]}],&quot;background_background&quot;:&quot;classic&quot;}\">\n\t\t\t\t\t\t<div class=\"elementor-container elementor-column-gap-default\">\n\t\t\t\t\t<div class=\"elementor-column elementor-col-50 elementor-top-column elementor-element elementor-element-8b5c722\" data-id=\"8b5c722\" data-element_type=\"column\" data-e-type=\"column\">\n\t\t\t<div class=\"elementor-widget-wrap elementor-element-populated\">\n\t\t\t\t\t\t<div class=\"elementor-element elementor-element-311c1ee elementor-widget elementor-widget-image\" data-id=\"311c1ee\" data-element_type=\"widget\" data-e-type=\"widget\" data-widget_type=\"image.default\">\n\t\t\t\t<div class=\"elementor-widget-container\">\n\t\t\t\t\t\t\t\t\t\t\t\t\t\t\t<img fetchpriority=\"high\" decoding=\"async\" width=\"666\" height=\"538\" src=\"https:\/\/swisseye.com\/wp-content\/uploads\/2021\/09\/swisseye-ueber-uns-freeride.jpg\" class=\"attachment-full size-full wp-image-596\" alt=\"\" srcset=\"https:\/\/swisseye.com\/wp-content\/uploads\/2021\/09\/swisseye-ueber-uns-freeride.jpg 666w, https:\/\/swisseye.com\/wp-content\/uploads\/2021\/09\/swisseye-ueber-uns-freeride-324x262.jpg 324w, https:\/\/swisseye.com\/wp-content\/uploads\/2021\/09\/swisseye-ueber-uns-freeride-416x336.jpg 416w\" sizes=\"(max-width: 666px) 100vw, 666px\" \/>\t\t\t\t\t\t\t\t\t\t\t\t\t\t\t<\/div>\n\t\t\t\t<\/div>\n\t\t\t\t\t<\/div>\n\t\t<\/div>\n\t\t\t\t<div class=\"elementor-column elementor-col-50 elementor-top-column elementor-element elementor-element-1e4f2ee\" data-id=\"1e4f2ee\" data-element_type=\"column\" data-e-type=\"column\">\n\t\t\t<div class=\"elementor-widget-wrap elementor-element-populated\">\n\t\t\t\t\t\t<div class=\"elementor-element elementor-element-62f7449 elementor-widget elementor-widget-image\" data-id=\"62f7449\" data-element_type=\"widget\" data-e-type=\"widget\" data-widget_type=\"image.default\">\n\t\t\t\t<div class=\"elementor-widget-container\">\n\t\t\t\t\t\t\t\t\t\t\t\t\t\t\t<img decoding=\"async\" width=\"1004\" height=\"281\" src=\"https:\/\/swisseye.com\/wp-content\/uploads\/2021\/09\/swisseye-ueber-uns-logo.jpg\" class=\"attachment-full size-full wp-image-595\" alt=\"\" srcset=\"https:\/\/swisseye.com\/wp-content\/uploads\/2021\/09\/swisseye-ueber-uns-logo.jpg 1004w, https:\/\/swisseye.com\/wp-content\/uploads\/2021\/09\/swisseye-ueber-uns-logo-800x224.jpg 800w, https:\/\/swisseye.com\/wp-content\/uploads\/2021\/09\/swisseye-ueber-uns-logo-1000x280.jpg 1000w, https:\/\/swisseye.com\/wp-content\/uploads\/2021\/09\/swisseye-ueber-uns-logo-300x84.jpg 300w, https:\/\/swisseye.com\/wp-content\/uploads\/2021\/09\/swisseye-ueber-uns-logo-768x215.jpg 768w\" sizes=\"(max-width: 1004px) 100vw, 1004px\" \/>\t\t\t\t\t\t\t\t\t\t\t\t\t\t\t<\/div>\n\t\t\t\t<\/div>\n\t\t\t\t<div class=\"elementor-element elementor-element-17eb5c8 elementor-widget elementor-widget-text-editor\" data-id=\"17eb5c8\" data-element_type=\"widget\" data-e-type=\"widget\" data-widget_type=\"text-editor.default\">\n\t\t\t\t<div class=\"elementor-widget-container\">\n\t\t\t\t\t\t\t\t\t<p>Die Marke Swisseye wurde 1998 in Deutschland gegr\u00fcndet und ist seitdem erfolgreich im Bereich\u00a0<strong>Sport-, Freizeit-, Schutz- und Spezialbrillen<\/strong>\u00a0t\u00e4tig. Pionierarbeit leistete Swisseye, indem es gelang, Sportbrillen auch f\u00fcr den Optikfachhandel attraktiv zu machen. Swiss Eye International beliefert Fachh\u00e4ndler in Deutschland, \u00d6sterreich und der Schweiz sowie zahlreiche Kunden im Ausland.<\/p><p>Die <strong>Korrektionsfassungen der Marke <a href=\"https:\/\/top-look.de\/\">Top Look<\/a><\/strong> gibt es auch bei uns!<\/p><p>Als einer der ersten Produzenten entwickelte Swisseye eine innovative Beschichtung, die zwei Dinge perfekt kombiniert: Sportbrillen mit spezieller Antifog\/- Antiscratch-Beschichtung f\u00fcr ein ungetr\u00fcbtes Sportvergn\u00fcgen. Die hochwertigen Swisseye-Sportbrillen \u00fcberzeugen durch antiallergisches widerstandsf\u00e4higes Material und splitterfreie Polycarbonatscheiben, die nach strenger Sicherheitsnorm EN ISO 12312-1 gefertigt sind. Alle Modelle bieten zudem 100% UVA-, UVB- und UVC-Schutz.<\/p><p>Weiterhin bietet Swisseye Sportbrillen an, die den Bed\u00fcrfnissen der Sportler entsprechen und z.B. ihre Scheibe\/Scheiben schnell den jeweiligen Lichtverh\u00e4ltnissen der Umgebung anpassen. Viele Swisseye-Modelle haben bereits\u00a0<strong>Spitzenplatzierungen bei Produkttests<\/strong>\u00a0diverser nationaler und internationaler Fach- und Endverbrauchermagazine, wie z.B. im Magazin RoadBIKE, MountainBIKE oder Aktiv Trening, erzielt.<\/p><p>\u00a0<\/p>\t\t\t\t\t\t\t\t<\/div>\n\t\t\t\t<\/div>\n\t\t\t\t<div class=\"elementor-element elementor-element-e53022e elementor-align-left elementor-tablet-align-center elementor-widget elementor-widget-button\" data-id=\"e53022e\" data-element_type=\"widget\" data-e-type=\"widget\" data-widget_type=\"button.default\">\n\t\t\t\t<div class=\"elementor-widget-container\">\n\t\t\t\t\t\t\t\t\t<div class=\"elementor-button-wrapper\">\n\t\t\t\t\t<a class=\"elementor-button elementor-button-link elementor-size-sm\" href=\"https:\/\/swisseye.com\/de\/produkt-kategorie\/alle-produkte\/\">\n\t\t\t\t\t\t<span class=\"elementor-button-content-wrapper\">\n\t\t\t\t\t\t<span class=\"elementor-button-icon\">\n\t\t\t\t<i aria-hidden=\"true\" class=\"fas fa-angle-right\"><\/i>\t\t\t<\/span>\n\t\t\t\t\t\t\t\t\t<span class=\"elementor-button-text\">Entdecken Sie unsere Sportbrillen<\/span>\n\t\t\t\t\t<\/span>\n\t\t\t\t\t<\/a>\n\t\t\t\t<\/div>\n\t\t\t\t\t\t\t\t<\/div>\n\t\t\t\t<\/div>\n\t\t\t\t\t<\/div>\n\t\t<\/div>\n\t\t\t\t\t<\/div>\n\t\t<\/section>\n\t\t\t\t<\/div>\n\t\t","protected":false},"excerpt":{"rendered":"<p>\u00dcber Swisseye Die Marke Swisseye wurde 1998 in Deutschland gegr\u00fcndet und ist seitdem erfolgreich im Bereich\u00a0Sport-, Freizeit-, Schutz- und Spezialbrillen\u00a0t\u00e4tig. Pionierarbeit leistete Swisseye, indem es gelang, Sportbrillen auch f\u00fcr den Optikfachhandel attraktiv zu machen. Swiss Eye International beliefert Fachh\u00e4ndler in Deutschland, \u00d6sterreich und der Schweiz sowie zahlreiche Kunden im Ausland. Die Korrektionsfassungen der Marke Top [&hellip;]<\/p>\n","protected":false},"author":1,"featured_media":96,"parent":0,"menu_order":0,"comment_status":"closed","ping_status":"closed","template":"elementor_header_footer","meta":{"_jet_sm_ready_style":"","_jet_sm_style":"","_jet_sm_controls_values":"","_jet_sm_fonts_collection":"","_jet_sm_fonts_links":"","footnotes":""},"class_list":["post-590","page","type-page","status-publish","has-post-thumbnail","hentry"],"yoast_head":"<!-- This site is optimized with the Yoast SEO plugin v27.1.1 - https:\/\/yoast.com\/product\/yoast-seo-wordpress\/ -->\n<title>\u00dcber Swisseye - Swisseye - Your vision - our passion<\/title>\n<meta name=\"robots\" content=\"index, follow, max-snippet:-1, max-image-preview:large, max-video-preview:-1\" \/>\n<link rel=\"canonical\" href=\"https:\/\/swisseye.com\/de\/ueber-swisseye\/\" \/>\n<meta property=\"og:locale\" content=\"de_DE\" \/>\n<meta property=\"og:type\" content=\"article\" \/>\n<meta property=\"og:title\" content=\"\u00dcber Swisseye - Swisseye - Your vision - our passion\" \/>\n<meta property=\"og:description\" content=\"\u00dcber Swisseye Die Marke Swisseye wurde 1998 in Deutschland gegr\u00fcndet und ist seitdem erfolgreich im Bereich\u00a0Sport-, Freizeit-, Schutz- und Spezialbrillen\u00a0t\u00e4tig. Pionierarbeit leistete Swisseye, indem es gelang, Sportbrillen auch f\u00fcr den Optikfachhandel attraktiv zu machen. Swiss Eye International beliefert Fachh\u00e4ndler in Deutschland, \u00d6sterreich und der Schweiz sowie zahlreiche Kunden im Ausland. Die Korrektionsfassungen der Marke Top [&hellip;]\" \/>\n<meta property=\"og:url\" content=\"https:\/\/swisseye.com\/de\/ueber-swisseye\/\" \/>\n<meta property=\"og:site_name\" content=\"Swisseye\" \/>\n<meta property=\"article:publisher\" content=\"https:\/\/de-de.facebook.com\/swisseye\/\" \/>\n<meta property=\"article:modified_time\" content=\"2025-10-08T12:34:00+00:00\" \/>\n<meta property=\"og:image\" content=\"https:\/\/swisseye.com\/wp-content\/uploads\/2021\/09\/swisseye-symbol-logo.png\" \/>\n\t<meta property=\"og:image:width\" content=\"114\" \/>\n\t<meta property=\"og:image:height\" content=\"114\" \/>\n\t<meta property=\"og:image:type\" content=\"image\/png\" \/>\n<meta name=\"twitter:card\" content=\"summary_large_image\" \/>\n<meta name=\"twitter:label1\" content=\"Gesch\u00e4tzte Lesezeit\" \/>\n\t<meta name=\"twitter:data1\" content=\"2\u00a0Minuten\" \/>\n<script type=\"application\/ld+json\" class=\"yoast-schema-graph\">{\"@context\":\"https:\/\/schema.org\",\"@graph\":[{\"@type\":\"WebPage\",\"@id\":\"https:\/\/swisseye.com\/de\/ueber-swisseye\/\",\"url\":\"https:\/\/swisseye.com\/de\/ueber-swisseye\/\",\"name\":\"\u00dcber Swisseye - Swisseye - Your vision - our passion\",\"isPartOf\":{\"@id\":\"https:\/\/swisseye.com\/de\/#website\"},\"primaryImageOfPage\":{\"@id\":\"https:\/\/swisseye.com\/de\/ueber-swisseye\/#primaryimage\"},\"image\":{\"@id\":\"https:\/\/swisseye.com\/de\/ueber-swisseye\/#primaryimage\"},\"thumbnailUrl\":\"https:\/\/swisseye.com\/wp-content\/uploads\/2021\/09\/swisseye-symbol-logo.png\",\"datePublished\":\"2021-09-21T12:51:12+00:00\",\"dateModified\":\"2025-10-08T12:34:00+00:00\",\"breadcrumb\":{\"@id\":\"https:\/\/swisseye.com\/de\/ueber-swisseye\/#breadcrumb\"},\"inLanguage\":\"de\",\"potentialAction\":[{\"@type\":\"ReadAction\",\"target\":[\"https:\/\/swisseye.com\/de\/ueber-swisseye\/\"]}]},{\"@type\":\"ImageObject\",\"inLanguage\":\"de\",\"@id\":\"https:\/\/swisseye.com\/de\/ueber-swisseye\/#primaryimage\",\"url\":\"https:\/\/swisseye.com\/wp-content\/uploads\/2021\/09\/swisseye-symbol-logo.png\",\"contentUrl\":\"https:\/\/swisseye.com\/wp-content\/uploads\/2021\/09\/swisseye-symbol-logo.png\",\"width\":114,\"height\":114},{\"@type\":\"BreadcrumbList\",\"@id\":\"https:\/\/swisseye.com\/de\/ueber-swisseye\/#breadcrumb\",\"itemListElement\":[{\"@type\":\"ListItem\",\"position\":1,\"name\":\"Start\",\"item\":\"https:\/\/swisseye.com\/de\/\"},{\"@type\":\"ListItem\",\"position\":2,\"name\":\"\u00dcber Swisseye\"}]},{\"@type\":\"WebSite\",\"@id\":\"https:\/\/swisseye.com\/de\/#website\",\"url\":\"https:\/\/swisseye.com\/de\/\",\"name\":\"Swisseye\",\"description\":\"Your vision - our passion\",\"publisher\":{\"@id\":\"https:\/\/swisseye.com\/de\/#organization\"},\"potentialAction\":[{\"@type\":\"SearchAction\",\"target\":{\"@type\":\"EntryPoint\",\"urlTemplate\":\"https:\/\/swisseye.com\/de\/?s={search_term_string}\"},\"query-input\":{\"@type\":\"PropertyValueSpecification\",\"valueRequired\":true,\"valueName\":\"search_term_string\"}}],\"inLanguage\":\"de\"},{\"@type\":\"Organization\",\"@id\":\"https:\/\/swisseye.com\/de\/#organization\",\"name\":\"Swisseye\",\"url\":\"https:\/\/swisseye.com\/de\/\",\"logo\":{\"@type\":\"ImageObject\",\"inLanguage\":\"de\",\"@id\":\"https:\/\/swisseye.com\/de\/#\/schema\/logo\/image\/\",\"url\":\"https:\/\/swisseye.com\/wp-content\/uploads\/2021\/09\/swisseye-ueber-uns-logo.jpg\",\"contentUrl\":\"https:\/\/swisseye.com\/wp-content\/uploads\/2021\/09\/swisseye-ueber-uns-logo.jpg\",\"width\":1004,\"height\":281,\"caption\":\"Swisseye\"},\"image\":{\"@id\":\"https:\/\/swisseye.com\/de\/#\/schema\/logo\/image\/\"},\"sameAs\":[\"https:\/\/de-de.facebook.com\/swisseye\/\",\"https:\/\/www.instagram.com\/swisseye\/\"]}]}<\/script>\n<!-- \/ Yoast SEO plugin. -->","yoast_head_json":{"title":"\u00dcber Swisseye - Swisseye - Your vision - our passion","robots":{"index":"index","follow":"follow","max-snippet":"max-snippet:-1","max-image-preview":"max-image-preview:large","max-video-preview":"max-video-preview:-1"},"canonical":"https:\/\/swisseye.com\/de\/ueber-swisseye\/","og_locale":"de_DE","og_type":"article","og_title":"\u00dcber Swisseye - Swisseye - Your vision - our passion","og_description":"\u00dcber Swisseye Die Marke Swisseye wurde 1998 in Deutschland gegr\u00fcndet und ist seitdem erfolgreich im Bereich\u00a0Sport-, Freizeit-, Schutz- und Spezialbrillen\u00a0t\u00e4tig. Pionierarbeit leistete Swisseye, indem es gelang, Sportbrillen auch f\u00fcr den Optikfachhandel attraktiv zu machen. Swiss Eye International beliefert Fachh\u00e4ndler in Deutschland, \u00d6sterreich und der Schweiz sowie zahlreiche Kunden im Ausland. Die Korrektionsfassungen der Marke Top [&hellip;]","og_url":"https:\/\/swisseye.com\/de\/ueber-swisseye\/","og_site_name":"Swisseye","article_publisher":"https:\/\/de-de.facebook.com\/swisseye\/","article_modified_time":"2025-10-08T12:34:00+00:00","og_image":[{"width":114,"height":114,"url":"https:\/\/swisseye.com\/wp-content\/uploads\/2021\/09\/swisseye-symbol-logo.png","type":"image\/png"}],"twitter_card":"summary_large_image","twitter_misc":{"Gesch\u00e4tzte Lesezeit":"2\u00a0Minuten"},"schema":{"@context":"https:\/\/schema.org","@graph":[{"@type":"WebPage","@id":"https:\/\/swisseye.com\/de\/ueber-swisseye\/","url":"https:\/\/swisseye.com\/de\/ueber-swisseye\/","name":"\u00dcber Swisseye - Swisseye - Your vision - our passion","isPartOf":{"@id":"https:\/\/swisseye.com\/de\/#website"},"primaryImageOfPage":{"@id":"https:\/\/swisseye.com\/de\/ueber-swisseye\/#primaryimage"},"image":{"@id":"https:\/\/swisseye.com\/de\/ueber-swisseye\/#primaryimage"},"thumbnailUrl":"https:\/\/swisseye.com\/wp-content\/uploads\/2021\/09\/swisseye-symbol-logo.png","datePublished":"2021-09-21T12:51:12+00:00","dateModified":"2025-10-08T12:34:00+00:00","breadcrumb":{"@id":"https:\/\/swisseye.com\/de\/ueber-swisseye\/#breadcrumb"},"inLanguage":"de","potentialAction":[{"@type":"ReadAction","target":["https:\/\/swisseye.com\/de\/ueber-swisseye\/"]}]},{"@type":"ImageObject","inLanguage":"de","@id":"https:\/\/swisseye.com\/de\/ueber-swisseye\/#primaryimage","url":"https:\/\/swisseye.com\/wp-content\/uploads\/2021\/09\/swisseye-symbol-logo.png","contentUrl":"https:\/\/swisseye.com\/wp-content\/uploads\/2021\/09\/swisseye-symbol-logo.png","width":114,"height":114},{"@type":"BreadcrumbList","@id":"https:\/\/swisseye.com\/de\/ueber-swisseye\/#breadcrumb","itemListElement":[{"@type":"ListItem","position":1,"name":"Start","item":"https:\/\/swisseye.com\/de\/"},{"@type":"ListItem","position":2,"name":"\u00dcber Swisseye"}]},{"@type":"WebSite","@id":"https:\/\/swisseye.com\/de\/#website","url":"https:\/\/swisseye.com\/de\/","name":"Swisseye","description":"Your vision - our passion","publisher":{"@id":"https:\/\/swisseye.com\/de\/#organization"},"potentialAction":[{"@type":"SearchAction","target":{"@type":"EntryPoint","urlTemplate":"https:\/\/swisseye.com\/de\/?s={search_term_string}"},"query-input":{"@type":"PropertyValueSpecification","valueRequired":true,"valueName":"search_term_string"}}],"inLanguage":"de"},{"@type":"Organization","@id":"https:\/\/swisseye.com\/de\/#organization","name":"Swisseye","url":"https:\/\/swisseye.com\/de\/","logo":{"@type":"ImageObject","inLanguage":"de","@id":"https:\/\/swisseye.com\/de\/#\/schema\/logo\/image\/","url":"https:\/\/swisseye.com\/wp-content\/uploads\/2021\/09\/swisseye-ueber-uns-logo.jpg","contentUrl":"https:\/\/swisseye.com\/wp-content\/uploads\/2021\/09\/swisseye-ueber-uns-logo.jpg","width":1004,"height":281,"caption":"Swisseye"},"image":{"@id":"https:\/\/swisseye.com\/de\/#\/schema\/logo\/image\/"},"sameAs":["https:\/\/de-de.facebook.com\/swisseye\/","https:\/\/www.instagram.com\/swisseye\/"]}]}},"_links":{"self":[{"href":"https:\/\/swisseye.com\/de\/wp-json\/wp\/v2\/pages\/590","targetHints":{"allow":["GET"]}}],"collection":[{"href":"https:\/\/swisseye.com\/de\/wp-json\/wp\/v2\/pages"}],"about":[{"href":"https:\/\/swisseye.com\/de\/wp-json\/wp\/v2\/types\/page"}],"author":[{"embeddable":true,"href":"https:\/\/swisseye.com\/de\/wp-json\/wp\/v2\/users\/1"}],"replies":[{"embeddable":true,"href":"https:\/\/swisseye.com\/de\/wp-json\/wp\/v2\/comments?post=590"}],"version-history":[{"count":0,"href":"https:\/\/swisseye.com\/de\/wp-json\/wp\/v2\/pages\/590\/revisions"}],"wp:featuredmedia":[{"embeddable":true,"href":"https:\/\/swisseye.com\/de\/wp-json\/wp\/v2\/media\/96"}],"wp:attachment":[{"href":"https:\/\/swisseye.com\/de\/wp-json\/wp\/v2\/media?parent=590"}],"curies":[{"name":"wp","href":"https:\/\/api.w.org\/{rel}","templated":true}]}}