{"id":427,"date":"2021-09-21T10:58:57","date_gmt":"2021-09-21T08:58:57","guid":{"rendered":"https:\/\/swisseye.netfellows.de\/?page_id=427"},"modified":"2022-01-18T16:01:42","modified_gmt":"2022-01-18T15:01:42","slug":"sportbrillen-in-sehstaerke","status":"publish","type":"page","link":"https:\/\/swisseye.com\/de\/sportbrillen-in-sehstaerke\/","title":{"rendered":"Sportbrillen in Sehst\u00e4rke"},"content":{"rendered":"\t\t<div data-elementor-type=\"wp-page\" data-elementor-id=\"427\" class=\"elementor elementor-427\" data-elementor-post-type=\"page\">\n\t\t\t\t\t\t<section class=\"elementor-section elementor-top-section elementor-element elementor-element-a3eb372 elementor-section-full_width elementor-section-height-default elementor-section-height-default\" data-id=\"a3eb372\" data-element_type=\"section\" data-e-type=\"section\" data-settings=\"{&quot;jet_parallax_layout_list&quot;:[{&quot;jet_parallax_layout_image&quot;:{&quot;url&quot;:&quot;&quot;,&quot;id&quot;:&quot;&quot;,&quot;size&quot;:&quot;&quot;},&quot;_id&quot;:&quot;90779c5&quot;,&quot;jet_parallax_layout_image_tablet&quot;:{&quot;url&quot;:&quot;&quot;,&quot;id&quot;:&quot;&quot;,&quot;size&quot;:&quot;&quot;},&quot;jet_parallax_layout_image_mobile&quot;:{&quot;url&quot;:&quot;&quot;,&quot;id&quot;:&quot;&quot;,&quot;size&quot;:&quot;&quot;},&quot;jet_parallax_layout_speed&quot;:{&quot;unit&quot;:&quot;%&quot;,&quot;size&quot;:50,&quot;sizes&quot;:[]},&quot;jet_parallax_layout_type&quot;:&quot;scroll&quot;,&quot;jet_parallax_layout_direction&quot;:&quot;1&quot;,&quot;jet_parallax_layout_fx_direction&quot;:null,&quot;jet_parallax_layout_z_index&quot;:&quot;&quot;,&quot;jet_parallax_layout_bg_x&quot;:50,&quot;jet_parallax_layout_bg_x_tablet&quot;:&quot;&quot;,&quot;jet_parallax_layout_bg_x_mobile&quot;:&quot;&quot;,&quot;jet_parallax_layout_bg_y&quot;:50,&quot;jet_parallax_layout_bg_y_tablet&quot;:&quot;&quot;,&quot;jet_parallax_layout_bg_y_mobile&quot;:&quot;&quot;,&quot;jet_parallax_layout_bg_size&quot;:&quot;auto&quot;,&quot;jet_parallax_layout_bg_size_tablet&quot;:&quot;&quot;,&quot;jet_parallax_layout_bg_size_mobile&quot;:&quot;&quot;,&quot;jet_parallax_layout_animation_prop&quot;:&quot;transform&quot;,&quot;jet_parallax_layout_on&quot;:[&quot;desktop&quot;,&quot;tablet&quot;]}],&quot;background_background&quot;:&quot;gradient&quot;}\">\n\t\t\t\t\t\t<div class=\"elementor-container elementor-column-gap-no\">\n\t\t\t\t\t<div class=\"elementor-column elementor-col-100 elementor-top-column elementor-element elementor-element-6139bca\" data-id=\"6139bca\" data-element_type=\"column\" data-e-type=\"column\">\n\t\t\t<div class=\"elementor-widget-wrap elementor-element-populated\">\n\t\t\t\t\t\t<div class=\"elementor-element elementor-element-835c7d6 elementor-widget elementor-widget-heading\" data-id=\"835c7d6\" data-element_type=\"widget\" data-e-type=\"widget\" data-widget_type=\"heading.default\">\n\t\t\t\t<div class=\"elementor-widget-container\">\n\t\t\t\t\t<h1 class=\"elementor-heading-title elementor-size-default\">Sportbrillen in Sehst\u00e4rke<\/h1>\t\t\t\t<\/div>\n\t\t\t\t<\/div>\n\t\t\t\t<div class=\"elementor-element elementor-element-ef00f22 elementor-widget elementor-widget-breadcrumbs\" data-id=\"ef00f22\" data-element_type=\"widget\" data-e-type=\"widget\" data-widget_type=\"breadcrumbs.default\">\n\t\t\t\t<div class=\"elementor-widget-container\">\n\t\t\t\t\t<p id=\"breadcrumbs\"><span><span><a href=\"https:\/\/swisseye.com\/de\/\">Start<\/a><\/span><\/span><\/p>\t\t\t\t<\/div>\n\t\t\t\t<\/div>\n\t\t\t\t\t<\/div>\n\t\t<\/div>\n\t\t\t\t\t<\/div>\n\t\t<\/section>\n\t\t\t\t<section class=\"elementor-section elementor-top-section elementor-element elementor-element-a0fc5a7 elementor-section-full_width elementor-hidden-desktop elementor-hidden-tablet elementor-hidden-mobile elementor-section-height-default elementor-section-height-default\" data-id=\"a0fc5a7\" data-element_type=\"section\" data-e-type=\"section\" data-settings=\"{&quot;jet_parallax_layout_list&quot;:[{&quot;jet_parallax_layout_image&quot;:{&quot;url&quot;:&quot;&quot;,&quot;id&quot;:&quot;&quot;,&quot;size&quot;:&quot;&quot;},&quot;_id&quot;:&quot;1f445c5&quot;,&quot;jet_parallax_layout_image_tablet&quot;:{&quot;url&quot;:&quot;&quot;,&quot;id&quot;:&quot;&quot;,&quot;size&quot;:&quot;&quot;},&quot;jet_parallax_layout_image_mobile&quot;:{&quot;url&quot;:&quot;&quot;,&quot;id&quot;:&quot;&quot;,&quot;size&quot;:&quot;&quot;},&quot;jet_parallax_layout_speed&quot;:{&quot;unit&quot;:&quot;%&quot;,&quot;size&quot;:50,&quot;sizes&quot;:[]},&quot;jet_parallax_layout_type&quot;:&quot;scroll&quot;,&quot;jet_parallax_layout_direction&quot;:&quot;1&quot;,&quot;jet_parallax_layout_fx_direction&quot;:null,&quot;jet_parallax_layout_z_index&quot;:&quot;&quot;,&quot;jet_parallax_layout_bg_x&quot;:50,&quot;jet_parallax_layout_bg_x_tablet&quot;:&quot;&quot;,&quot;jet_parallax_layout_bg_x_mobile&quot;:&quot;&quot;,&quot;jet_parallax_layout_bg_y&quot;:50,&quot;jet_parallax_layout_bg_y_tablet&quot;:&quot;&quot;,&quot;jet_parallax_layout_bg_y_mobile&quot;:&quot;&quot;,&quot;jet_parallax_layout_bg_size&quot;:&quot;auto&quot;,&quot;jet_parallax_layout_bg_size_tablet&quot;:&quot;&quot;,&quot;jet_parallax_layout_bg_size_mobile&quot;:&quot;&quot;,&quot;jet_parallax_layout_animation_prop&quot;:&quot;transform&quot;,&quot;jet_parallax_layout_on&quot;:[&quot;desktop&quot;,&quot;tablet&quot;]}]}\">\n\t\t\t\t\t\t<div class=\"elementor-container elementor-column-gap-default\">\n\t\t\t\t\t<div class=\"elementor-column elementor-col-100 elementor-top-column elementor-element elementor-element-35cda98\" data-id=\"35cda98\" data-element_type=\"column\" data-e-type=\"column\">\n\t\t\t<div class=\"elementor-widget-wrap elementor-element-populated\">\n\t\t\t\t\t\t<div class=\"elementor-element elementor-element-3914595 elementor-widget elementor-widget-menu-anchor\" data-id=\"3914595\" data-element_type=\"widget\" data-e-type=\"widget\" data-widget_type=\"menu-anchor.default\">\n\t\t\t\t<div class=\"elementor-widget-container\">\n\t\t\t\t\t\t\t<div class=\"elementor-menu-anchor\" id=\"top\"><\/div>\n\t\t\t\t\t\t<\/div>\n\t\t\t\t<\/div>\n\t\t\t\t\t<\/div>\n\t\t<\/div>\n\t\t\t\t\t<\/div>\n\t\t<\/section>\n\t\t\t\t<section class=\"elementor-section elementor-top-section elementor-element elementor-element-6129c8b elementor-section-full_width elementor-section-height-default elementor-section-height-default\" data-id=\"6129c8b\" data-element_type=\"section\" data-e-type=\"section\" data-settings=\"{&quot;jet_parallax_layout_list&quot;:[{&quot;jet_parallax_layout_image&quot;:{&quot;url&quot;:&quot;&quot;,&quot;id&quot;:&quot;&quot;,&quot;size&quot;:&quot;&quot;},&quot;_id&quot;:&quot;b299197&quot;,&quot;jet_parallax_layout_image_tablet&quot;:{&quot;url&quot;:&quot;&quot;,&quot;id&quot;:&quot;&quot;,&quot;size&quot;:&quot;&quot;},&quot;jet_parallax_layout_image_mobile&quot;:{&quot;url&quot;:&quot;&quot;,&quot;id&quot;:&quot;&quot;,&quot;size&quot;:&quot;&quot;},&quot;jet_parallax_layout_speed&quot;:{&quot;unit&quot;:&quot;%&quot;,&quot;size&quot;:50,&quot;sizes&quot;:[]},&quot;jet_parallax_layout_type&quot;:&quot;scroll&quot;,&quot;jet_parallax_layout_direction&quot;:&quot;1&quot;,&quot;jet_parallax_layout_fx_direction&quot;:null,&quot;jet_parallax_layout_z_index&quot;:&quot;&quot;,&quot;jet_parallax_layout_bg_x&quot;:50,&quot;jet_parallax_layout_bg_x_tablet&quot;:&quot;&quot;,&quot;jet_parallax_layout_bg_x_mobile&quot;:&quot;&quot;,&quot;jet_parallax_layout_bg_y&quot;:50,&quot;jet_parallax_layout_bg_y_tablet&quot;:&quot;&quot;,&quot;jet_parallax_layout_bg_y_mobile&quot;:&quot;&quot;,&quot;jet_parallax_layout_bg_size&quot;:&quot;auto&quot;,&quot;jet_parallax_layout_bg_size_tablet&quot;:&quot;&quot;,&quot;jet_parallax_layout_bg_size_mobile&quot;:&quot;&quot;,&quot;jet_parallax_layout_animation_prop&quot;:&quot;transform&quot;,&quot;jet_parallax_layout_on&quot;:[&quot;desktop&quot;,&quot;tablet&quot;]}],&quot;background_background&quot;:&quot;gradient&quot;}\">\n\t\t\t\t\t\t<div class=\"elementor-container elementor-column-gap-default\">\n\t\t\t\t\t<div class=\"elementor-column elementor-col-100 elementor-top-column elementor-element elementor-element-0f169db\" data-id=\"0f169db\" data-element_type=\"column\" data-e-type=\"column\">\n\t\t\t<div class=\"elementor-widget-wrap elementor-element-populated\">\n\t\t\t\t\t\t<div class=\"elementor-element elementor-element-0c8b210 elementor-widget elementor-widget-heading\" data-id=\"0c8b210\" data-element_type=\"widget\" data-e-type=\"widget\" data-widget_type=\"heading.default\">\n\t\t\t\t<div class=\"elementor-widget-container\">\n\t\t\t\t\t<h2 class=\"elementor-heading-title elementor-size-default\">Ihre Sportbrillen in Sehst\u00e4rke<\/h2>\t\t\t\t<\/div>\n\t\t\t\t<\/div>\n\t\t\t\t<section class=\"elementor-section elementor-inner-section elementor-element elementor-element-b33ec7b elementor-section-full_width elementor-section-height-default elementor-section-height-default\" data-id=\"b33ec7b\" data-element_type=\"section\" data-e-type=\"section\" data-settings=\"{&quot;jet_parallax_layout_list&quot;:[{&quot;jet_parallax_layout_image&quot;:{&quot;url&quot;:&quot;&quot;,&quot;id&quot;:&quot;&quot;,&quot;size&quot;:&quot;&quot;},&quot;_id&quot;:&quot;b79ef81&quot;,&quot;jet_parallax_layout_image_tablet&quot;:{&quot;url&quot;:&quot;&quot;,&quot;id&quot;:&quot;&quot;,&quot;size&quot;:&quot;&quot;},&quot;jet_parallax_layout_image_mobile&quot;:{&quot;url&quot;:&quot;&quot;,&quot;id&quot;:&quot;&quot;,&quot;size&quot;:&quot;&quot;},&quot;jet_parallax_layout_speed&quot;:{&quot;unit&quot;:&quot;%&quot;,&quot;size&quot;:50,&quot;sizes&quot;:[]},&quot;jet_parallax_layout_type&quot;:&quot;scroll&quot;,&quot;jet_parallax_layout_direction&quot;:&quot;1&quot;,&quot;jet_parallax_layout_fx_direction&quot;:null,&quot;jet_parallax_layout_z_index&quot;:&quot;&quot;,&quot;jet_parallax_layout_bg_x&quot;:50,&quot;jet_parallax_layout_bg_x_tablet&quot;:&quot;&quot;,&quot;jet_parallax_layout_bg_x_mobile&quot;:&quot;&quot;,&quot;jet_parallax_layout_bg_y&quot;:50,&quot;jet_parallax_layout_bg_y_tablet&quot;:&quot;&quot;,&quot;jet_parallax_layout_bg_y_mobile&quot;:&quot;&quot;,&quot;jet_parallax_layout_bg_size&quot;:&quot;auto&quot;,&quot;jet_parallax_layout_bg_size_tablet&quot;:&quot;&quot;,&quot;jet_parallax_layout_bg_size_mobile&quot;:&quot;&quot;,&quot;jet_parallax_layout_animation_prop&quot;:&quot;transform&quot;,&quot;jet_parallax_layout_on&quot;:[&quot;desktop&quot;,&quot;tablet&quot;]}]}\">\n\t\t\t\t\t\t<div class=\"elementor-container elementor-column-gap-default\">\n\t\t\t\t\t<div class=\"elementor-column elementor-col-50 elementor-inner-column elementor-element elementor-element-37db606\" data-id=\"37db606\" data-element_type=\"column\" data-e-type=\"column\">\n\t\t\t<div class=\"elementor-widget-wrap elementor-element-populated\">\n\t\t\t\t\t\t<div class=\"elementor-element elementor-element-b7ffead elementor-widget elementor-widget-image\" data-id=\"b7ffead\" data-element_type=\"widget\" data-e-type=\"widget\" data-widget_type=\"image.default\">\n\t\t\t\t<div class=\"elementor-widget-container\">\n\t\t\t\t\t\t\t\t\t\t\t\t\t\t\t<img decoding=\"async\" src=\"https:\/\/swisseye.com\/wp-content\/uploads\/2021\/09\/swisseye-sportbrillen-in-sehstaerke.jpg\" title=\"\" alt=\"\" loading=\"lazy\" \/>\t\t\t\t\t\t\t\t\t\t\t\t\t\t\t<\/div>\n\t\t\t\t<\/div>\n\t\t\t\t\t<\/div>\n\t\t<\/div>\n\t\t\t\t<div class=\"elementor-column elementor-col-50 elementor-inner-column elementor-element elementor-element-e8f93ed\" data-id=\"e8f93ed\" data-element_type=\"column\" data-e-type=\"column\">\n\t\t\t<div class=\"elementor-widget-wrap elementor-element-populated\">\n\t\t\t\t\t\t<div class=\"elementor-element elementor-element-4fdf102 elementor-widget elementor-widget-text-editor\" data-id=\"4fdf102\" data-element_type=\"widget\" data-e-type=\"widget\" data-widget_type=\"text-editor.default\">\n\t\t\t\t<div class=\"elementor-widget-container\">\n\t\t\t\t\t\t\t\t\t<p><strong>Pr\u00e4zision in Deutschland:\u00a0<\/strong>die Sportgl\u00e4ser lassen wir beim Verglasungsunternehmen\u00a0<a href=\"https:\/\/frametec.eu\/\" target=\"_blank\" rel=\"noopener noreferrer\">Frame Tec<\/a>, die sich auf Sportbrillengl\u00e4ser spezialisiert haben, fertigen.<\/p><p>Clipverglasungen, Direktverglasungen (auch Halbrahmen), Nylorverglasungen, Verglasungen von Eins\u00e4tzen (sogenannte inserts), Folienverglasungen des bekannten Powerview-Systems f\u00fcr die Outbreak-Serie,\u00a0<strong>die sehr oft auch \u00fcber das normale Machbarkeitsspektrum von Sportglasparamatern hinausgehen<\/strong>, sind m\u00f6glich.<br \/>Es besteht zum Beispiel die M\u00f6glichkeit, fast alle Sportbrillen mit sportlich optimierten Gleitsichtgl\u00e4sern auszustatten.<\/p><p><strong>Finden Sie Ihre verglaste Sportbrille in Sehst\u00e4rke!<br \/>Sprechen Sie mit Ihrem Optiker!<br \/><\/strong><\/p><p><strong>Sie sind Fachh\u00e4ndler und haben Fragen zu den Sportverglasungen?<\/strong><br \/>Melden Sie sich gerne in unserem Service Center unter 05237 \/ 2316\u00a00.<\/p>\t\t\t\t\t\t\t\t<\/div>\n\t\t\t\t<\/div>\n\t\t\t\t\t<\/div>\n\t\t<\/div>\n\t\t\t\t\t<\/div>\n\t\t<\/section>\n\t\t\t\t\t<\/div>\n\t\t<\/div>\n\t\t\t\t\t<\/div>\n\t\t<\/section>\n\t\t\t\t<\/div>\n\t\t","protected":false},"excerpt":{"rendered":"<p>Sportbrillen in Sehst\u00e4rke Ihre Sportbrillen in Sehst\u00e4rke Pr\u00e4zision in Deutschland:\u00a0die Sportgl\u00e4ser lassen wir beim Verglasungsunternehmen\u00a0Frame Tec, die sich auf Sportbrillengl\u00e4ser spezialisiert haben, fertigen. Clipverglasungen, Direktverglasungen (auch Halbrahmen), Nylorverglasungen, Verglasungen von Eins\u00e4tzen (sogenannte inserts), Folienverglasungen des bekannten Powerview-Systems f\u00fcr die Outbreak-Serie,\u00a0die sehr oft auch \u00fcber das normale Machbarkeitsspektrum von Sportglasparamatern hinausgehen, sind m\u00f6glich.Es besteht zum Beispiel [&hellip;]<\/p>\n","protected":false},"author":1,"featured_media":96,"parent":0,"menu_order":0,"comment_status":"closed","ping_status":"closed","template":"elementor_header_footer","meta":{"_jet_sm_ready_style":"","_jet_sm_style":"","_jet_sm_controls_values":"","_jet_sm_fonts_collection":"","_jet_sm_fonts_links":"","footnotes":""},"class_list":["post-427","page","type-page","status-publish","has-post-thumbnail","hentry"],"yoast_head":"<!-- This site is optimized with the Yoast SEO plugin v27.1.1 - https:\/\/yoast.com\/product\/yoast-seo-wordpress\/ -->\n<title>Sportbrillen in Sehst\u00e4rke - Swisseye - Your vision - our passion<\/title>\n<meta name=\"robots\" content=\"index, follow, max-snippet:-1, max-image-preview:large, max-video-preview:-1\" \/>\n<link rel=\"canonical\" href=\"https:\/\/swisseye.com\/de\/sportbrillen-in-sehstaerke\/\" \/>\n<meta property=\"og:locale\" content=\"de_DE\" \/>\n<meta property=\"og:type\" content=\"article\" \/>\n<meta property=\"og:title\" content=\"Sportbrillen in Sehst\u00e4rke - Swisseye - Your vision - our passion\" \/>\n<meta property=\"og:description\" content=\"Sportbrillen in Sehst\u00e4rke Ihre Sportbrillen in Sehst\u00e4rke Pr\u00e4zision in Deutschland:\u00a0die Sportgl\u00e4ser lassen wir beim Verglasungsunternehmen\u00a0Frame Tec, die sich auf Sportbrillengl\u00e4ser spezialisiert haben, fertigen. Clipverglasungen, Direktverglasungen (auch Halbrahmen), Nylorverglasungen, Verglasungen von Eins\u00e4tzen (sogenannte inserts), Folienverglasungen des bekannten Powerview-Systems f\u00fcr die Outbreak-Serie,\u00a0die sehr oft auch \u00fcber das normale Machbarkeitsspektrum von Sportglasparamatern hinausgehen, sind m\u00f6glich.Es besteht zum Beispiel [&hellip;]\" \/>\n<meta property=\"og:url\" content=\"https:\/\/swisseye.com\/de\/sportbrillen-in-sehstaerke\/\" \/>\n<meta property=\"og:site_name\" content=\"Swisseye\" \/>\n<meta property=\"article:publisher\" content=\"https:\/\/de-de.facebook.com\/swisseye\/\" \/>\n<meta property=\"article:modified_time\" content=\"2022-01-18T15:01:42+00:00\" \/>\n<meta property=\"og:image\" content=\"https:\/\/swisseye.com\/wp-content\/uploads\/2021\/09\/swisseye-symbol-logo.png\" \/>\n\t<meta property=\"og:image:width\" content=\"114\" \/>\n\t<meta property=\"og:image:height\" content=\"114\" \/>\n\t<meta property=\"og:image:type\" content=\"image\/png\" \/>\n<meta name=\"twitter:card\" content=\"summary_large_image\" \/>\n<meta name=\"twitter:label1\" content=\"Gesch\u00e4tzte Lesezeit\" \/>\n\t<meta name=\"twitter:data1\" content=\"1\u00a0Minute\" \/>\n<script type=\"application\/ld+json\" class=\"yoast-schema-graph\">{\"@context\":\"https:\/\/schema.org\",\"@graph\":[{\"@type\":\"WebPage\",\"@id\":\"https:\/\/swisseye.com\/de\/sportbrillen-in-sehstaerke\/\",\"url\":\"https:\/\/swisseye.com\/de\/sportbrillen-in-sehstaerke\/\",\"name\":\"Sportbrillen in Sehst\u00e4rke - Swisseye - Your vision - our passion\",\"isPartOf\":{\"@id\":\"https:\/\/swisseye.com\/de\/#website\"},\"primaryImageOfPage\":{\"@id\":\"https:\/\/swisseye.com\/de\/sportbrillen-in-sehstaerke\/#primaryimage\"},\"image\":{\"@id\":\"https:\/\/swisseye.com\/de\/sportbrillen-in-sehstaerke\/#primaryimage\"},\"thumbnailUrl\":\"https:\/\/swisseye.com\/wp-content\/uploads\/2021\/09\/swisseye-symbol-logo.png\",\"datePublished\":\"2021-09-21T08:58:57+00:00\",\"dateModified\":\"2022-01-18T15:01:42+00:00\",\"breadcrumb\":{\"@id\":\"https:\/\/swisseye.com\/de\/sportbrillen-in-sehstaerke\/#breadcrumb\"},\"inLanguage\":\"de\",\"potentialAction\":[{\"@type\":\"ReadAction\",\"target\":[\"https:\/\/swisseye.com\/de\/sportbrillen-in-sehstaerke\/\"]}]},{\"@type\":\"ImageObject\",\"inLanguage\":\"de\",\"@id\":\"https:\/\/swisseye.com\/de\/sportbrillen-in-sehstaerke\/#primaryimage\",\"url\":\"https:\/\/swisseye.com\/wp-content\/uploads\/2021\/09\/swisseye-symbol-logo.png\",\"contentUrl\":\"https:\/\/swisseye.com\/wp-content\/uploads\/2021\/09\/swisseye-symbol-logo.png\",\"width\":114,\"height\":114},{\"@type\":\"BreadcrumbList\",\"@id\":\"https:\/\/swisseye.com\/de\/sportbrillen-in-sehstaerke\/#breadcrumb\",\"itemListElement\":[{\"@type\":\"ListItem\",\"position\":1,\"name\":\"Start\",\"item\":\"https:\/\/swisseye.com\/de\/\"},{\"@type\":\"ListItem\",\"position\":2,\"name\":\"Sportbrillen in Sehst\u00e4rke\"}]},{\"@type\":\"WebSite\",\"@id\":\"https:\/\/swisseye.com\/de\/#website\",\"url\":\"https:\/\/swisseye.com\/de\/\",\"name\":\"Swisseye\",\"description\":\"Your vision - our passion\",\"publisher\":{\"@id\":\"https:\/\/swisseye.com\/de\/#organization\"},\"potentialAction\":[{\"@type\":\"SearchAction\",\"target\":{\"@type\":\"EntryPoint\",\"urlTemplate\":\"https:\/\/swisseye.com\/de\/?s={search_term_string}\"},\"query-input\":{\"@type\":\"PropertyValueSpecification\",\"valueRequired\":true,\"valueName\":\"search_term_string\"}}],\"inLanguage\":\"de\"},{\"@type\":\"Organization\",\"@id\":\"https:\/\/swisseye.com\/de\/#organization\",\"name\":\"Swisseye\",\"url\":\"https:\/\/swisseye.com\/de\/\",\"logo\":{\"@type\":\"ImageObject\",\"inLanguage\":\"de\",\"@id\":\"https:\/\/swisseye.com\/de\/#\/schema\/logo\/image\/\",\"url\":\"https:\/\/swisseye.com\/wp-content\/uploads\/2021\/09\/swisseye-ueber-uns-logo.jpg\",\"contentUrl\":\"https:\/\/swisseye.com\/wp-content\/uploads\/2021\/09\/swisseye-ueber-uns-logo.jpg\",\"width\":1004,\"height\":281,\"caption\":\"Swisseye\"},\"image\":{\"@id\":\"https:\/\/swisseye.com\/de\/#\/schema\/logo\/image\/\"},\"sameAs\":[\"https:\/\/de-de.facebook.com\/swisseye\/\",\"https:\/\/www.instagram.com\/swisseye\/\"]}]}<\/script>\n<!-- \/ Yoast SEO plugin. -->","yoast_head_json":{"title":"Sportbrillen in Sehst\u00e4rke - Swisseye - Your vision - our passion","robots":{"index":"index","follow":"follow","max-snippet":"max-snippet:-1","max-image-preview":"max-image-preview:large","max-video-preview":"max-video-preview:-1"},"canonical":"https:\/\/swisseye.com\/de\/sportbrillen-in-sehstaerke\/","og_locale":"de_DE","og_type":"article","og_title":"Sportbrillen in Sehst\u00e4rke - Swisseye - Your vision - our passion","og_description":"Sportbrillen in Sehst\u00e4rke Ihre Sportbrillen in Sehst\u00e4rke Pr\u00e4zision in Deutschland:\u00a0die Sportgl\u00e4ser lassen wir beim Verglasungsunternehmen\u00a0Frame Tec, die sich auf Sportbrillengl\u00e4ser spezialisiert haben, fertigen. Clipverglasungen, Direktverglasungen (auch Halbrahmen), Nylorverglasungen, Verglasungen von Eins\u00e4tzen (sogenannte inserts), Folienverglasungen des bekannten Powerview-Systems f\u00fcr die Outbreak-Serie,\u00a0die sehr oft auch \u00fcber das normale Machbarkeitsspektrum von Sportglasparamatern hinausgehen, sind m\u00f6glich.Es besteht zum Beispiel [&hellip;]","og_url":"https:\/\/swisseye.com\/de\/sportbrillen-in-sehstaerke\/","og_site_name":"Swisseye","article_publisher":"https:\/\/de-de.facebook.com\/swisseye\/","article_modified_time":"2022-01-18T15:01:42+00:00","og_image":[{"width":114,"height":114,"url":"https:\/\/swisseye.com\/wp-content\/uploads\/2021\/09\/swisseye-symbol-logo.png","type":"image\/png"}],"twitter_card":"summary_large_image","twitter_misc":{"Gesch\u00e4tzte Lesezeit":"1\u00a0Minute"},"schema":{"@context":"https:\/\/schema.org","@graph":[{"@type":"WebPage","@id":"https:\/\/swisseye.com\/de\/sportbrillen-in-sehstaerke\/","url":"https:\/\/swisseye.com\/de\/sportbrillen-in-sehstaerke\/","name":"Sportbrillen in Sehst\u00e4rke - Swisseye - Your vision - our passion","isPartOf":{"@id":"https:\/\/swisseye.com\/de\/#website"},"primaryImageOfPage":{"@id":"https:\/\/swisseye.com\/de\/sportbrillen-in-sehstaerke\/#primaryimage"},"image":{"@id":"https:\/\/swisseye.com\/de\/sportbrillen-in-sehstaerke\/#primaryimage"},"thumbnailUrl":"https:\/\/swisseye.com\/wp-content\/uploads\/2021\/09\/swisseye-symbol-logo.png","datePublished":"2021-09-21T08:58:57+00:00","dateModified":"2022-01-18T15:01:42+00:00","breadcrumb":{"@id":"https:\/\/swisseye.com\/de\/sportbrillen-in-sehstaerke\/#breadcrumb"},"inLanguage":"de","potentialAction":[{"@type":"ReadAction","target":["https:\/\/swisseye.com\/de\/sportbrillen-in-sehstaerke\/"]}]},{"@type":"ImageObject","inLanguage":"de","@id":"https:\/\/swisseye.com\/de\/sportbrillen-in-sehstaerke\/#primaryimage","url":"https:\/\/swisseye.com\/wp-content\/uploads\/2021\/09\/swisseye-symbol-logo.png","contentUrl":"https:\/\/swisseye.com\/wp-content\/uploads\/2021\/09\/swisseye-symbol-logo.png","width":114,"height":114},{"@type":"BreadcrumbList","@id":"https:\/\/swisseye.com\/de\/sportbrillen-in-sehstaerke\/#breadcrumb","itemListElement":[{"@type":"ListItem","position":1,"name":"Start","item":"https:\/\/swisseye.com\/de\/"},{"@type":"ListItem","position":2,"name":"Sportbrillen in Sehst\u00e4rke"}]},{"@type":"WebSite","@id":"https:\/\/swisseye.com\/de\/#website","url":"https:\/\/swisseye.com\/de\/","name":"Swisseye","description":"Your vision - our passion","publisher":{"@id":"https:\/\/swisseye.com\/de\/#organization"},"potentialAction":[{"@type":"SearchAction","target":{"@type":"EntryPoint","urlTemplate":"https:\/\/swisseye.com\/de\/?s={search_term_string}"},"query-input":{"@type":"PropertyValueSpecification","valueRequired":true,"valueName":"search_term_string"}}],"inLanguage":"de"},{"@type":"Organization","@id":"https:\/\/swisseye.com\/de\/#organization","name":"Swisseye","url":"https:\/\/swisseye.com\/de\/","logo":{"@type":"ImageObject","inLanguage":"de","@id":"https:\/\/swisseye.com\/de\/#\/schema\/logo\/image\/","url":"https:\/\/swisseye.com\/wp-content\/uploads\/2021\/09\/swisseye-ueber-uns-logo.jpg","contentUrl":"https:\/\/swisseye.com\/wp-content\/uploads\/2021\/09\/swisseye-ueber-uns-logo.jpg","width":1004,"height":281,"caption":"Swisseye"},"image":{"@id":"https:\/\/swisseye.com\/de\/#\/schema\/logo\/image\/"},"sameAs":["https:\/\/de-de.facebook.com\/swisseye\/","https:\/\/www.instagram.com\/swisseye\/"]}]}},"_links":{"self":[{"href":"https:\/\/swisseye.com\/de\/wp-json\/wp\/v2\/pages\/427","targetHints":{"allow":["GET"]}}],"collection":[{"href":"https:\/\/swisseye.com\/de\/wp-json\/wp\/v2\/pages"}],"about":[{"href":"https:\/\/swisseye.com\/de\/wp-json\/wp\/v2\/types\/page"}],"author":[{"embeddable":true,"href":"https:\/\/swisseye.com\/de\/wp-json\/wp\/v2\/users\/1"}],"replies":[{"embeddable":true,"href":"https:\/\/swisseye.com\/de\/wp-json\/wp\/v2\/comments?post=427"}],"version-history":[{"count":0,"href":"https:\/\/swisseye.com\/de\/wp-json\/wp\/v2\/pages\/427\/revisions"}],"wp:featuredmedia":[{"embeddable":true,"href":"https:\/\/swisseye.com\/de\/wp-json\/wp\/v2\/media\/96"}],"wp:attachment":[{"href":"https:\/\/swisseye.com\/de\/wp-json\/wp\/v2\/media?parent=427"}],"curies":[{"name":"wp","href":"https:\/\/api.w.org\/{rel}","templated":true}]}}